{"id":12385,"date":"2017-04-13T08:13:48","date_gmt":"2017-04-13T08:13:48","guid":{"rendered":"https:\/\/alias.hr\/consulting\/o-nama\/"},"modified":"2024-05-20T19:14:20","modified_gmt":"2024-05-20T17:14:20","slug":"ueber-uns","status":"publish","type":"page","link":"https:\/\/alias.hr\/consulting\/de\/ueber-uns\/","title":{"rendered":"\u00dcber uns"},"content":{"rendered":"<p><div class=\"fusion-fullwidth fullwidth-box fusion-builder-row-1 onama-main nonhundred-percent-fullwidth non-hundred-percent-height-scrolling\" style=\"background-color: #ffffff;background-position: center center;background-repeat: no-repeat;padding-top:20px;padding-right:0px;padding-bottom:20px;padding-left:0px;margin-bottom: 0px;margin-top: 0px;border-width: 0px 0px 0px 0px;border-color:#eae9e9;border-style:solid;\" ><div class=\"fusion-builder-row fusion-row\"><div class=\"fusion-layout-column fusion_builder_column fusion-builder-column-0 fusion_builder_column_1_4 1_4 fusion-one-fourth fusion-column-first\" style=\"width:25%;width:calc(25% - ( ( 4% ) * 0.25 ) );margin-right: 4%;margin-top:0px;margin-bottom:20px;\"><div class=\"fusion-column-wrapper fusion-flex-column-wrapper-legacy\" style=\"background-position:left top;background-repeat:no-repeat;-webkit-background-size:cover;-moz-background-size:cover;-o-background-size:cover;background-size:cover;padding: 0px 0px 0px 0px;\"><span class=\" fusion-imageframe imageframe-none imageframe-1 hover-type-none\" style=\"margin-left:25px;float:right;\"><img decoding=\"async\" src=\"https:\/\/www.alias.hr\/consulting\/wp-content\/uploads\/2017\/04\/miki-300x300.png\" alt class=\"img-responsive\"\/><\/span><div class=\"fusion-clearfix\"><\/div><\/div><\/div><div class=\"fusion-layout-column fusion_builder_column fusion-builder-column-1 fusion_builder_column_3_4 3_4 fusion-three-fourth fusion-column-last\" style=\"width:75%;width:calc(75% - ( ( 4% ) * 0.75 ) );margin-top:0px;margin-bottom:20px;\"><div class=\"fusion-column-wrapper fusion-flex-column-wrapper-legacy\" style=\"background-position:left top;background-repeat:no-repeat;-webkit-background-size:cover;-moz-background-size:cover;-o-background-size:cover;background-size:cover;padding: 0px 0px 0px 0px;\"><div class=\"fusion-text fusion-text-1\"><h2>\u00dcber uns<\/h2>\n<p>Der Gesch\u00e4ftsf\u00fchrer und Besitzer des Unternehmens Alias d.o.o., Herr Mag. Miroslav Lisjak schloss sein Magisterstudium der Sozial und Wirtschaftswissenschaften an der Karl \u2013 Franzens \u2013 Universit\u00e4t in Graz mit Auszeichnungen im Jahr 2005 ab.<\/p>\n<p>Nach dem erfolgreichen Abschluss des Studiums gr\u00fcndete er im Jahre 2005 sein auf Softwarel\u00f6sungen spezialisiertes IT Unternehmen, welches bis heute erfolgreich am Markt t\u00e4tig ist.<\/p>\n<p>Ab dem Jahre 2007 bis 2016 sammelte Herr Mag. Miroslav Lisjak in zwei international t\u00e4tigen Unternehmen sowohl als Finanzdirektor als auch als Krisenmanager seine Erfahrungen.<\/p>\n<p>Weiters arbeitetet er 7 Jahre im Bankensektor, wobei er 5 Jahre die Position eines Bankdirektor inne hatte.<\/p>\n<p>Im Jahre 2016 wurde mit der Consulting Abteilung, welche Finanzberatungen und allgemeine wirtschaftliche Beratungen durchf\u00fchrt, eine weitere Kernkompetenz in Alias d.o.o. geschaffen.<\/p>\n<p>Im Jahre 2018 wurde die Firma M1 Consulting in Graz er\u00f6ffnet, welche Finanzdienstleitungen und Unternehmensberatung durchf\u00fchrt.<\/p>\n<\/div><div class=\"fusion-clearfix\"><\/div><\/div><\/div><\/div><\/div><div class=\"fusion-fullwidth fullwidth-box fusion-builder-row-2 onama-plavo nonhundred-percent-fullwidth non-hundred-percent-height-scrolling\" style=\"background-color: #ffffff;background-position: center center;background-repeat: no-repeat;padding-top:20px;padding-right:0px;padding-bottom:20px;padding-left:0px;margin-bottom: 0px;margin-top: 0px;border-width: 0px 0px 0px 0px;border-color:#eae9e9;border-style:solid;\" ><div class=\"fusion-builder-row fusion-row\"><div class=\"fusion-layout-column fusion_builder_column fusion-builder-column-2 fusion_builder_column_1_1 1_1 fusion-one-full fusion-column-first fusion-column-last\" style=\"margin-top:0px;margin-bottom:20px;\"><div class=\"fusion-column-wrapper fusion-flex-column-wrapper-legacy\" style=\"background-position:left top;background-repeat:no-repeat;-webkit-background-size:cover;-moz-background-size:cover;-o-background-size:cover;background-size:cover;padding: 0px 0px 0px 0px;\"><div class=\"fusion-text fusion-text-2\"><p>Unser Motto ist \u201eBehandle ANDERE so, wie DU von IHNEN behandelt werden willst.\u201c<\/p>\n<\/div><div class=\"fusion-clearfix\"><\/div><\/div><\/div><\/div><\/div><div class=\"fusion-fullwidth fullwidth-box fusion-builder-row-3 onama-osnovni-podaci onama-second nonhundred-percent-fullwidth non-hundred-percent-height-scrolling\" style=\"background-color: #ffffff;background-position: center center;background-repeat: no-repeat;padding-top:20px;padding-right:0px;padding-bottom:20px;padding-left:0px;margin-bottom: 0px;margin-top: 0px;border-width: 0px 0px 0px 0px;border-color:#eae9e9;border-style:solid;\" ><div class=\"fusion-builder-row fusion-row\"><div class=\"fusion-layout-column fusion_builder_column fusion-builder-column-3 fusion_builder_column_1_4 1_4 fusion-one-fourth fusion-column-first onama-slicica-wrapper-2\" style=\"width:25%;width:calc(25% - ( ( 4% ) * 0.25 ) );margin-right: 4%;margin-top:0px;margin-bottom:20px;\"><div class=\"fusion-column-wrapper fusion-flex-column-wrapper-legacy\" style=\"background-position:left top;background-repeat:no-repeat;-webkit-background-size:cover;-moz-background-size:cover;-o-background-size:cover;background-size:cover;padding: 0px 0px 0px 0px;\"><span class=\" fusion-imageframe imageframe-none imageframe-2 hover-type-none\"><img decoding=\"async\" width=\"210\" height=\"210\" title=\"osnovniPodaci\" src=\"https:\/\/www.alias.hr\/consulting\/wp-content\/uploads\/2017\/04\/osnovniPodaci.png\" alt class=\"img-responsive wp-image-12639\" srcset=\"https:\/\/alias.hr\/consulting\/wp-content\/uploads\/2017\/04\/osnovniPodaci-200x200.png 200w, https:\/\/alias.hr\/consulting\/wp-content\/uploads\/2017\/04\/osnovniPodaci.png 210w\" sizes=\"(max-width: 800px) 100vw, 210px\" \/><\/span><div class=\"fusion-clearfix\"><\/div><\/div><\/div><div class=\"fusion-layout-column fusion_builder_column fusion-builder-column-4 fusion_builder_column_3_4 3_4 fusion-three-fourth fusion-column-last\" style=\"width:75%;width:calc(75% - ( ( 4% ) * 0.75 ) );margin-top:0px;margin-bottom:20px;\"><div class=\"fusion-column-wrapper fusion-flex-column-wrapper-legacy\" style=\"background-position:left top;background-repeat:no-repeat;-webkit-background-size:cover;-moz-background-size:cover;-o-background-size:cover;background-size:cover;padding: 0px 0px 0px 0px;\"><div class=\"fusion-text fusion-text-3\"><h2>Impressum<\/h2>\n<p><strong>Name:<\/strong><br \/>\nAlias d.o.o.<br \/>\nInformatische Dienstleistungen, Service, Produktion, Produktionsdienstleistungen, Handel und Gesch\u00e4ftliche Dienstleistungen<\/p>\n<p><strong>Name gek\u00fcrzt:<\/strong><br \/>\nAlias d.o.o.<\/p>\n<p><strong>Sitz der Firma:<\/strong><br \/>\nTravnik 10, 40 000 \u010cakovec<br \/>\nKroatien<\/p>\n<p><strong>B\u00fcro f\u00fcr unsere Kunden:<\/strong><br \/>\nUlica Martane 10, 40 000 \u010cakovec<br \/>\nKroatien<\/p>\n<p><strong>Direktor:<\/strong><br \/>\nMag. Miroslav Lisjak<\/p>\n<p><strong>UID:<\/strong><br \/>\nHR68955678536<\/p>\n<p><strong>MBS:<\/strong><br \/>\n070006077<\/p>\n<p><strong>Bankverbindung:<\/strong><br \/>\n2340009-1116006811<br \/>\nbei Privredna banka Zagreb d.d<\/p>\n<p><strong>IBAN:<\/strong><br \/>\nHR6223400091116006811<\/p>\n<p><strong>SWIFT<\/strong>:<br \/>\nPBZGHR2XXXX<\/p>\n<p><strong>Gr\u00fcndung Kapital:<\/strong><br \/>\n19.000,00 Kn<\/p>\n<p>Unternehmen ist eingeschrieben beim Handelsgericht in Vara\u017edin.<br \/>\nGr\u00fcndungskapital in Wert von 19.000,00 kn vollkommen einbezahlt.<\/p>\n<\/div><div class=\"fusion-clearfix\"><\/div><\/div><\/div><\/div><\/div><div class=\"fusion-fullwidth fullwidth-box fusion-builder-row-4 onama-kontakt-podaci nonhundred-percent-fullwidth non-hundred-percent-height-scrolling\" style=\"background-color: #ffffff;background-position: center center;background-repeat: no-repeat;padding-top:20px;padding-right:0px;padding-bottom:20px;padding-left:0px;margin-bottom: 0px;margin-top: 0px;border-width: 0px 0px 0px 0px;border-color:#eae9e9;border-style:solid;\" ><div class=\"fusion-builder-row fusion-row\"><div class=\"fusion-layout-column fusion_builder_column fusion-builder-column-5 fusion_builder_column_1_1 1_1 fusion-one-full fusion-column-first fusion-column-last\" style=\"margin-top:0px;margin-bottom:20px;\"><div class=\"fusion-column-wrapper fusion-flex-column-wrapper-legacy\" style=\"background-position:left top;background-repeat:no-repeat;-webkit-background-size:cover;-moz-background-size:cover;-o-background-size:cover;background-size:cover;padding: 0px 0px 0px 0px;\"><div class=\"fusion-text fusion-text-4\"><p>\u201eAlias\u201c heist \u00fcbersetz die Abk\u00fcrzung, daher auch unser Slogan \u201eDie Abk\u00fcrzung zur besten L\u00f6sung\u201c was am besten unsere Arbeitspolitik auch beschreibt.<\/p>\n<\/div><div class=\"fusion-clearfix\"><\/div><\/div><\/div><\/div><\/div><\/p>\n","protected":false},"excerpt":{"rendered":"","protected":false},"author":2,"featured_media":0,"parent":0,"menu_order":0,"comment_status":"closed","ping_status":"closed","template":"","meta":[],"acf":[],"_links":{"self":[{"href":"https:\/\/alias.hr\/consulting\/de\/wp-json\/wp\/v2\/pages\/12385"}],"collection":[{"href":"https:\/\/alias.hr\/consulting\/de\/wp-json\/wp\/v2\/pages"}],"about":[{"href":"https:\/\/alias.hr\/consulting\/de\/wp-json\/wp\/v2\/types\/page"}],"author":[{"embeddable":true,"href":"https:\/\/alias.hr\/consulting\/de\/wp-json\/wp\/v2\/users\/2"}],"replies":[{"embeddable":true,"href":"https:\/\/alias.hr\/consulting\/de\/wp-json\/wp\/v2\/comments?post=12385"}],"version-history":[{"count":1,"href":"https:\/\/alias.hr\/consulting\/de\/wp-json\/wp\/v2\/pages\/12385\/revisions"}],"predecessor-version":[{"id":13061,"href":"https:\/\/alias.hr\/consulting\/de\/wp-json\/wp\/v2\/pages\/12385\/revisions\/13061"}],"wp:attachment":[{"href":"https:\/\/alias.hr\/consulting\/de\/wp-json\/wp\/v2\/media?parent=12385"}],"curies":[{"name":"wp","href":"https:\/\/api.w.org\/{rel}","templated":true}]}}