{"id":12220,"date":"2017-04-13T08:13:48","date_gmt":"2017-04-13T08:13:48","guid":{"rendered":"https:\/\/alias.hr\/consulting\/?page_id=12220"},"modified":"2025-06-24T09:29:17","modified_gmt":"2025-06-24T07:29:17","slug":"o-nama","status":"publish","type":"page","link":"https:\/\/alias.hr\/consulting\/o-nama\/","title":{"rendered":"O nama"},"content":{"rendered":"<p><div class=\"fusion-fullwidth fullwidth-box fusion-builder-row-1 onama-main nonhundred-percent-fullwidth non-hundred-percent-height-scrolling\" style=\"background-color: #ffffff;background-position: center center;background-repeat: no-repeat;padding-top:20px;padding-right:0px;padding-bottom:20px;padding-left:0px;margin-bottom: 0px;margin-top: 0px;border-width: 0px 0px 0px 0px;border-color:#eae9e9;border-style:solid;\" ><div class=\"fusion-builder-row fusion-row\"><div class=\"fusion-layout-column fusion_builder_column fusion-builder-column-0 fusion_builder_column_1_4 1_4 fusion-one-fourth fusion-column-first\" style=\"width:25%;width:calc(25% - ( ( 4% ) * 0.25 ) );margin-right: 4%;margin-top:0px;margin-bottom:20px;\"><div class=\"fusion-column-wrapper fusion-flex-column-wrapper-legacy\" style=\"background-position:left top;background-repeat:no-repeat;-webkit-background-size:cover;-moz-background-size:cover;-o-background-size:cover;background-size:cover;padding: 0px 0px 0px 0px;\"><span class=\" fusion-imageframe imageframe-none imageframe-1 hover-type-none\" style=\"margin-left:25px;float:right;\"><img decoding=\"async\" width=\"300\" height=\"300\" title=\"miki-1200&#215;1200\" src=\"https:\/\/alias.hr\/consulting\/wp-content\/uploads\/2025\/02\/miki-1200x1200-1-300x300.png\" alt class=\"img-responsive wp-image-13172\" srcset=\"https:\/\/alias.hr\/consulting\/wp-content\/uploads\/2025\/02\/miki-1200x1200-1-200x200.png 200w, https:\/\/alias.hr\/consulting\/wp-content\/uploads\/2025\/02\/miki-1200x1200-1-400x400.png 400w, https:\/\/alias.hr\/consulting\/wp-content\/uploads\/2025\/02\/miki-1200x1200-1-600x600.png 600w, https:\/\/alias.hr\/consulting\/wp-content\/uploads\/2025\/02\/miki-1200x1200-1-800x800.png 800w, https:\/\/alias.hr\/consulting\/wp-content\/uploads\/2025\/02\/miki-1200x1200-1.png 1200w\" sizes=\"(max-width: 800px) 100vw, 400px\" \/><\/span><div class=\"fusion-clearfix\"><\/div><\/div><\/div><div class=\"fusion-layout-column fusion_builder_column fusion-builder-column-1 fusion_builder_column_3_4 3_4 fusion-three-fourth fusion-column-last\" style=\"width:75%;width:calc(75% - ( ( 4% ) * 0.75 ) );margin-top:0px;margin-bottom:20px;\"><div class=\"fusion-column-wrapper fusion-flex-column-wrapper-legacy\" style=\"background-position:left top;background-repeat:no-repeat;-webkit-background-size:cover;-moz-background-size:cover;-o-background-size:cover;background-size:cover;padding: 0px 0px 0px 0px;\"><div class=\"fusion-text fusion-text-1\"><h1>O nama<\/h1>\n<p>Direktor i vlasnik tvrtke Alias d.o.o. Miroslav Lisjak, zavr\u0161io je studij ekonomije u Grazu, s odlikovanjem te titulom magistra ekonomskih i sociolo\u0161kih znanosti. Nakon zavr\u0161enog studija pokrenuo je privatnu tvrtku za marketing, izradu internet stranica, grafi\u010dkog dizajna te programskih rje\u0161enja. Tvrtka od 2005. godine do danas radi uspje\u0161no u tom podru\u010dju.<\/p>\n<p>Od 2007. do kraja 2016. godine g. Lisjak stjecao je iskustva u bankarskom i realnom sektoru i to kao direktor financija u dvije internacionalne tvrtke, te vi\u0161e od 5 godina kao direktor podru\u017enice Banke.<\/p>\n<p>Nakon 16 godina rada u razli\u010ditim sustavima kako u Austriji tako i u Hrvatskoj te u poduzetni\u0161tvu odlu\u010dili smo ste\u010deno znanje, iskustvo i kontakte iskoristiti za dobrobit na\u0161ih klijenata, te smo otvorili ured za pru\u017eanje usluga financijskog i poslovnog savjetovanja.<\/p>\n<p>Obzirom na cijelo\u017eivotnu isprepletenost Austrije i Hrvatske kako u edikativnom tako i u poslovnom segmentu prirodno je bilo da \u0107e sljede\u0107i korak biti i pro\u0161irenje poslovanja na Austriju \u0161to se i dogodilo u srpnju 2018. godine otvaranjem tvrtke za financijsko i poslovno savjetovanje <a href=\"https:\/\/m1consulting.at\/hr\/\">M1 Consulting GmbH<\/a> u Grazu.<\/p>\n<\/div><div class=\"fusion-clearfix\"><\/div><\/div><\/div><\/div><\/div><div class=\"fusion-fullwidth fullwidth-box fusion-builder-row-2 onama-plavo nonhundred-percent-fullwidth non-hundred-percent-height-scrolling\" style=\"background-color: #ffffff;background-position: center center;background-repeat: no-repeat;padding-top:20px;padding-right:0px;padding-bottom:20px;padding-left:0px;margin-bottom: 0px;margin-top: 0px;border-width: 0px 0px 0px 0px;border-color:#eae9e9;border-style:solid;\" ><div class=\"fusion-builder-row fusion-row\"><div class=\"fusion-layout-column fusion_builder_column fusion-builder-column-2 fusion_builder_column_1_1 1_1 fusion-one-full fusion-column-first fusion-column-last\" style=\"margin-top:0px;margin-bottom:20px;\"><div class=\"fusion-column-wrapper fusion-flex-column-wrapper-legacy\" style=\"background-position:left top;background-repeat:no-repeat;-webkit-background-size:cover;-moz-background-size:cover;-o-background-size:cover;background-size:cover;padding: 0px 0px 0px 0px;\"><div class=\"fusion-text fusion-text-2\"><p>Na\u0161a deviza je \u00abU\u010dini drugome \u0161to \u017eeli\u0161 sebi i nemoj \u0161to ne \u017eeli\u0161 da netko u\u010dini tebi\u00bb.<\/p>\n<\/div><div class=\"fusion-clearfix\"><\/div><\/div><\/div><\/div><\/div><div class=\"fusion-fullwidth fullwidth-box fusion-builder-row-3 onama-osnovni-podaci onama-second nonhundred-percent-fullwidth non-hundred-percent-height-scrolling\" style=\"background-color: #ffffff;background-position: center center;background-repeat: no-repeat;padding-top:20px;padding-right:0px;padding-bottom:20px;padding-left:0px;margin-bottom: 0px;margin-top: 0px;border-width: 0px 0px 0px 0px;border-color:#eae9e9;border-style:solid;\" ><div class=\"fusion-builder-row fusion-row\"><div class=\"fusion-layout-column fusion_builder_column fusion-builder-column-3 fusion_builder_column_1_4 1_4 fusion-one-fourth fusion-column-first onama-slicica-wrapper-2\" style=\"width:25%;width:calc(25% - ( ( 4% ) * 0.25 ) );margin-right: 4%;margin-top:0px;margin-bottom:20px;\"><div class=\"fusion-column-wrapper fusion-flex-column-wrapper-legacy\" style=\"background-position:left top;background-repeat:no-repeat;-webkit-background-size:cover;-moz-background-size:cover;-o-background-size:cover;background-size:cover;padding: 0px 0px 0px 0px;\"><span class=\" fusion-imageframe imageframe-none imageframe-2 hover-type-none\"><img decoding=\"async\" width=\"210\" height=\"210\" title=\"osnovniPodaci\" src=\"https:\/\/www.alias.hr\/consulting\/wp-content\/uploads\/2017\/04\/osnovniPodaci.png\" alt class=\"img-responsive wp-image-12255\" srcset=\"https:\/\/alias.hr\/consulting\/wp-content\/uploads\/2017\/04\/osnovniPodaci-200x200.png 200w, https:\/\/alias.hr\/consulting\/wp-content\/uploads\/2017\/04\/osnovniPodaci.png 210w\" sizes=\"(max-width: 800px) 100vw, 210px\" \/><\/span><div class=\"fusion-clearfix\"><\/div><\/div><\/div><div class=\"fusion-layout-column fusion_builder_column fusion-builder-column-4 fusion_builder_column_3_4 3_4 fusion-three-fourth fusion-column-last\" style=\"width:75%;width:calc(75% - ( ( 4% ) * 0.75 ) );margin-top:0px;margin-bottom:20px;\"><div class=\"fusion-column-wrapper fusion-flex-column-wrapper-legacy\" style=\"background-position:left top;background-repeat:no-repeat;-webkit-background-size:cover;-moz-background-size:cover;-o-background-size:cover;background-size:cover;padding: 0px 0px 0px 0px;\"><div class=\"fusion-text fusion-text-3\"><h2>Osnovni podaci tvrtke<\/h2>\n<p><strong>Puni naziv tvrtke:<\/strong><br \/>\nAlias d.o.o.<br \/>\ninformati\u010dke usluge, servis, proizvodnja, proizvodne usluge, trgovina i poslovne usluge<\/p>\n<p><strong>Skra\u0107eni naziv tvrtke:<\/strong><br \/>\nAlias d.o.o.<\/p>\n<p><strong>Sjedi\u0161te:<\/strong><br \/>\nUlica Antuna Augustin\u010di\u0107a 22, 40 000 \u010cakovec<br \/>\nHrvatska<\/p>\n<p><strong>Ured:<\/strong><br \/>\nUlica Martane 10, 40 000 \u010cakovec<br \/>\nHrvatska<\/p>\n<p><strong>Direktor:<\/strong><br \/>\nMiroslav Lisjak, MSc<\/p>\n<p><strong>OIB:<\/strong><br \/>\n68955678536<\/p>\n<p><strong>MBS:<\/strong><br \/>\n070006077<\/p>\n<p><strong>\u017diro ra\u010dun:<\/strong><br \/>\n2340009-1116006811<br \/>\nkod Privredne banke Zagreb<\/p>\n<p><strong>IBAN:<\/strong><br \/>\nHR6223400091116006811<\/p>\n<p><strong>Temeljni kapital:<\/strong><br \/>\n2.520,00 EUR<\/p>\n<p>Tvrtka je upisana u Trgova\u010dkom sudu u Vara\u017edinu.<br \/>\nTemeljni kapital od 2.520,00 EUR pla\u0107en je u cijelosti<\/p>\n<\/div><div class=\"fusion-clearfix\"><\/div><\/div><\/div><\/div><\/div><div class=\"fusion-fullwidth fullwidth-box fusion-builder-row-4 onama-kontakt-podaci nonhundred-percent-fullwidth non-hundred-percent-height-scrolling\" style=\"background-color: #ffffff;background-position: center center;background-repeat: no-repeat;padding-top:20px;padding-right:0px;padding-bottom:20px;padding-left:0px;margin-bottom: 0px;margin-top: 0px;border-width: 0px 0px 0px 0px;border-color:#eae9e9;border-style:solid;\" ><div class=\"fusion-builder-row fusion-row\"><div class=\"fusion-layout-column fusion_builder_column fusion-builder-column-5 fusion_builder_column_1_1 1_1 fusion-one-full fusion-column-first fusion-column-last\" style=\"margin-top:0px;margin-bottom:20px;\"><div class=\"fusion-column-wrapper fusion-flex-column-wrapper-legacy\" style=\"background-position:left top;background-repeat:no-repeat;-webkit-background-size:cover;-moz-background-size:cover;-o-background-size:cover;background-size:cover;padding: 0px 0px 0px 0px;\"><div class=\"fusion-text fusion-text-4\"><p>\u201cAlias\u201d u prijevodu zna\u010di pre\u010dac, stoga i slogan \u201cPre\u010dac do najboljeg rje\u0161enja\u201d na najbolji na\u010din definira na\u0161u politiku.<\/p>\n<\/div><div class=\"fusion-clearfix\"><\/div><\/div><\/div><\/div><\/div><div class=\"fusion-fullwidth fullwidth-box fusion-builder-row-5 ccols1 nonhundred-percent-fullwidth non-hundred-percent-height-scrolling\" style=\"background-color: #ffffff;background-position: center center;background-repeat: no-repeat;padding-top:0px;padding-right:0px;padding-bottom:0px;padding-left:0px;margin-bottom: 0px;margin-top: 0px;border-width: 0px 0px 0px 0px;border-color:#eae9e9;border-style:solid;\" ><div class=\"fusion-builder-row fusion-row\"><div class=\"fusion-layout-column fusion_builder_column fusion-builder-column-6 fusion_builder_column_1_1 1_1 fusion-one-full fusion-column-first fusion-column-last\" style=\"margin-top:0px;margin-bottom:20px;\" id=\"euprojekt\"><div class=\"fusion-column-wrapper fusion-flex-column-wrapper-legacy\" style=\"background-position:left top;background-repeat:no-repeat;-webkit-background-size:cover;-moz-background-size:cover;-o-background-size:cover;background-size:cover;padding: 50px 0px 0px 0px;\"><div class=\"fusion-text fusion-text-5\"><h3><strong>INTERNACIONALIZACIJA POSLOVANJA TVRTKE ALIAS D.O.O.<\/strong><\/h3>\n<h4><strong>Kratki opis projekta:\u00a0<\/strong><\/h4>\n<p>Tvrtka Alias d.o.o. od 2018. godine \u010dlanica je najve\u0107e svjetske mre\u017ee konzultanata \u2013 IR Globala, koja okuplja vi\u0161e od 900 konzultanata iz vi\u0161e od 150 zemalja svijeta. Provedbom projkekta omogu\u0107it \u0107e se predstavniku tvrtke Alias sudjelovanje na b2b susretima koje organizira IR Global, a na kojima \u0107e predstavljati hrvatske poduzetnike i hrvatsko gospodarstvo. Sudjelovanjem na me\u0111unarodnim b2b susretima, korisnik bespovratnih sredstava unaprijedit c\u0301e svoju vidljivost i reputaciju me\u0111u potencijalnim poslovnim partnerima u inozemstvu, s\u030cto c\u0301e biti temelj za ostvarenje povoljnijih financijskih rezultata u nadolazec\u0301im godinama poslovanja.<\/p>\n<h4><strong>Cilj i o\u010dekivani rezultati projekta:<\/strong><\/h4>\n<p>Sudjelovanje tvrtke Alias d.o.o. na b2b susretima na kojima sudjeluje vi\u0161e od 90% inozemnih poslovnih posjetitelja doprinijet \u0107e odr\u017eivosti internacionalizacije poslovanja tvrtke Alias d.o.o. koja je svoje pro\u0161irenje na me\u0111unarodno, ali i nacionalno tr\u017ei\u0161te zapo\u010dela upravo \u010dlanstvom u svjetskoj mre\u017ei konzultanata IR Global, \u010dime \u0107e se stvoriti preduvjeti za rast prihoda od prodaje, prihoda od izvoza te o\u010duvanje postoje\u0107ih radnih mjesta.<\/p>\n<\/div><div class=\"fusion-clearfix\"><\/div><\/div><\/div><\/div><\/div><div class=\"fusion-fullwidth fullwidth-box fusion-builder-row-6 nonhundred-percent-fullwidth non-hundred-percent-height-scrolling\" style=\"background-color: #ffffff;background-position: center center;background-repeat: no-repeat;padding-top:0px;padding-right:0px;padding-bottom:0px;padding-left:0px;margin-bottom: 0px;margin-top: 0px;border-width: 0px 0px 0px 0px;border-color:#eae9e9;border-style:solid;\" ><div class=\"fusion-builder-row fusion-row\"><div class=\"fusion-layout-column fusion_builder_column fusion-builder-column-7 fusion_builder_column_1_4 1_4 fusion-one-fourth fusion-column-first ccol\" style=\"width:25%;width:calc(25% - ( ( 4% + 4% + 4% ) * 0.25 ) );margin-right: 4%;margin-top:0px;margin-bottom:20px;\"><div class=\"fusion-column-wrapper fusion-flex-column-wrapper-legacy\" style=\"background-position:left top;background-repeat:no-repeat;-webkit-background-size:cover;-moz-background-size:cover;-o-background-size:cover;background-size:cover;padding: 0px 0px 0px 0px;\"><div class=\"fusion-text fusion-text-6\"><p><b>Ukupna vrijednost projekta:<\/b><\/p>\n<p><strong>618.000,00 kn<\/strong><\/p>\n<\/div><div class=\"fusion-clearfix\"><\/div><\/div><\/div><div class=\"fusion-layout-column fusion_builder_column fusion-builder-column-8 fusion_builder_column_1_4 1_4 fusion-one-fourth ccol\" style=\"width:25%;width:calc(25% - ( ( 4% + 4% + 4% ) * 0.25 ) );margin-right: 4%;margin-top:0px;margin-bottom:20px;\"><div class=\"fusion-column-wrapper fusion-flex-column-wrapper-legacy\" style=\"background-position:left top;background-repeat:no-repeat;-webkit-background-size:cover;-moz-background-size:cover;-o-background-size:cover;background-size:cover;padding: 0px 0px 0px 0px;\"><div class=\"fusion-text fusion-text-7\"><p><b>Ukupni prihvatljivi tro\u0161kovi:<\/b><\/p>\n<p><strong>233.080,00 kn<\/strong><\/p>\n<\/div><div class=\"fusion-clearfix\"><\/div><\/div><\/div><div class=\"fusion-layout-column fusion_builder_column fusion-builder-column-9 fusion_builder_column_1_4 1_4 fusion-one-fourth ccol\" style=\"width:25%;width:calc(25% - ( ( 4% + 4% + 4% ) * 0.25 ) );margin-right: 4%;margin-top:0px;margin-bottom:20px;\"><div class=\"fusion-column-wrapper fusion-flex-column-wrapper-legacy\" style=\"background-position:left top;background-repeat:no-repeat;-webkit-background-size:cover;-moz-background-size:cover;-o-background-size:cover;background-size:cover;padding: 0px 0px 0px 0px;\"><div class=\"fusion-text fusion-text-8\"><p><b>EU sufinanciranje projekta:<\/b><\/p>\n<p><strong>198.118,00 kn<\/strong><\/p>\n<\/div><div class=\"fusion-clearfix\"><\/div><\/div><\/div><div class=\"fusion-layout-column fusion_builder_column fusion-builder-column-10 fusion_builder_column_1_4 1_4 fusion-one-fourth fusion-column-last ccol\" style=\"width:25%;width:calc(25% - ( ( 4% + 4% + 4% ) * 0.25 ) );margin-top:0px;margin-bottom:20px;\"><div class=\"fusion-column-wrapper fusion-flex-column-wrapper-legacy\" style=\"background-position:left top;background-repeat:no-repeat;-webkit-background-size:cover;-moz-background-size:cover;-o-background-size:cover;background-size:cover;padding: 0px 0px 0px 0px;\"><div class=\"fusion-text fusion-text-9\"><p><b>Razdoblje provedbe projekta:<\/b><\/p>\n<p><strong>22.01.2020. \u2013 22.12.2022.<\/strong><\/p>\n<\/div><div class=\"fusion-clearfix\"><\/div><\/div><\/div><\/div><\/div><div class=\"fusion-fullwidth fullwidth-box fusion-builder-row-7 ccols2 nonhundred-percent-fullwidth non-hundred-percent-height-scrolling\" style=\"background-color: #ffffff;background-position: center center;background-repeat: no-repeat;padding-top:0px;padding-right:0px;padding-bottom:0px;padding-left:0px;margin-bottom: 0px;margin-top: 0px;border-width: 0px 0px 0px 0px;border-color:#eae9e9;border-style:solid;\" ><div class=\"fusion-builder-row fusion-row\"><div class=\"fusion-layout-column fusion_builder_column fusion-builder-column-11 fusion_builder_column_1_2 1_2 fusion-one-half fusion-column-first\" style=\"width:50%;width:calc(50% - ( ( 4% ) * 0.5 ) );margin-right: 4%;margin-top:0px;margin-bottom:20px;\"><div class=\"fusion-column-wrapper fusion-flex-column-wrapper-legacy\" style=\"background-position:left top;background-repeat:no-repeat;-webkit-background-size:cover;-moz-background-size:cover;-o-background-size:cover;background-size:cover;padding: 0px 0px 0px 0px;\"><div class=\"fusion-text fusion-text-10\"><h4>Kontakt osoba:<\/h4>\n<p><span style=\"font-weight: 400;\"><strong>Miroslav Lisjak, mag.oec<\/strong><br \/>\n<\/span><em><span style=\"font-weight: 400;\">Direktor\/voditelj projekta<\/span><\/em><\/p>\n<p><span style=\"font-weight: 400;\"><strong>Broj telefona osobe za kontakt:<\/strong><br \/>\n<\/span><span style=\"font-weight: 400;\">+385 99 3904 590<\/span><\/p>\n<p><span style=\"font-weight: 400;\"><strong>E-mail adresa osobe za kontakt:<\/strong><br \/>\n<\/span><a href=\"mailto:info@alias.hr\"><span style=\"font-weight: 400;\">info@alias.hr<\/span><\/a><\/p>\n<\/div><div class=\"fusion-clearfix\"><\/div><\/div><\/div><div class=\"fusion-layout-column fusion_builder_column fusion-builder-column-12 fusion_builder_column_1_2 1_2 fusion-one-half fusion-column-last\" style=\"width:50%;width:calc(50% - ( ( 4% ) * 0.5 ) );margin-top:0px;margin-bottom:20px;\"><div class=\"fusion-column-wrapper fusion-flex-column-wrapper-legacy\" style=\"background-position:left top;background-repeat:no-repeat;-webkit-background-size:cover;-moz-background-size:cover;-o-background-size:cover;background-size:cover;padding: 0px 0px 0px 0px;\"><div class=\"fusion-text fusion-text-11\"><h4>Kontakt relevantnih institucija:<\/h4>\n<p><strong>Europski strukturni investicijski fondovi:<\/strong><br \/>\n<a href=\"https:\/\/strukturnifondovi.hr\">https:\/\/strukturnifondovi.hr<\/a><\/p>\n<p><strong>Europski fond za regionalni razvoj:<\/strong><br \/>\n<a href=\"https:\/\/strukturnifondovi.hr\/eu-fondovi\">https:\/\/strukturnifondovi.hr\/eu-fondovi\u00a0<\/a><\/p>\n<p><strong>Operativni program konkurentnost i kohezija:<\/strong><br \/>\n<a href=\"https:\/\/www.mingo.hr\/public\/investicije\/OPKK_2014_2020_31316.pdf\">https:\/\/www.mingo.hr\/public\/investicije\/OPKK_2014_2020_31316.pdf\u00a0<\/a><\/p>\n<div id=\"simple-translate\">\n<div>\n<div class=\"simple-translate-button isShow\" style=\"background-image: url('chrome-extension:\/\/ibplnjkanclpjokhdolnendpplpjiace\/icons\/512.png'); height: 22px; width: 22px; top: 270px; left: -8px;\"><\/div>\n<div class=\"simple-translate-panel \" style=\"width: 300px; height: 200px; top: 0px; left: 0px; font-size: 13px; background-color: #ffffff;\">\n<div class=\"simple-translate-result-wrapper\" style=\"overflow: hidden;\">\n<div class=\"simple-translate-move\" draggable=\"true\"><\/div>\n<div class=\"simple-translate-result-contents\">\n<p class=\"simple-translate-candidate\" dir=\"auto\" style=\"color: #737373;\">\n<\/div>\n<\/div>\n<\/div>\n<\/div>\n<\/div>\n<\/div><div class=\"fusion-clearfix\"><\/div><\/div><\/div><\/div><\/div><\/p>\n","protected":false},"excerpt":{"rendered":"","protected":false},"author":2,"featured_media":0,"parent":0,"menu_order":0,"comment_status":"closed","ping_status":"open","template":"","meta":[],"acf":[],"_links":{"self":[{"href":"https:\/\/alias.hr\/consulting\/wp-json\/wp\/v2\/pages\/12220"}],"collection":[{"href":"https:\/\/alias.hr\/consulting\/wp-json\/wp\/v2\/pages"}],"about":[{"href":"https:\/\/alias.hr\/consulting\/wp-json\/wp\/v2\/types\/page"}],"author":[{"embeddable":true,"href":"https:\/\/alias.hr\/consulting\/wp-json\/wp\/v2\/users\/2"}],"replies":[{"embeddable":true,"href":"https:\/\/alias.hr\/consulting\/wp-json\/wp\/v2\/comments?post=12220"}],"version-history":[{"count":3,"href":"https:\/\/alias.hr\/consulting\/wp-json\/wp\/v2\/pages\/12220\/revisions"}],"predecessor-version":[{"id":13219,"href":"https:\/\/alias.hr\/consulting\/wp-json\/wp\/v2\/pages\/12220\/revisions\/13219"}],"wp:attachment":[{"href":"https:\/\/alias.hr\/consulting\/wp-json\/wp\/v2\/media?parent=12220"}],"curies":[{"name":"wp","href":"https:\/\/api.w.org\/{rel}","templated":true}]}}